{"id":6297,"date":"2022-03-16T19:59:27","date_gmt":"2022-03-16T17:59:27","guid":{"rendered":"http:\/\/hommage-studio.com\/humble"},"modified":"2022-03-16T20:15:44","modified_gmt":"2022-03-16T18:15:44","slug":"humble","status":"publish","type":"page","link":"https:\/\/hommage-studio.com\/fr\/humble","title":{"rendered":"HUMBLE"},"content":{"rendered":"\t\t<div data-elementor-type=\"wp-page\" data-elementor-id=\"6297\" class=\"elementor elementor-6297 elementor-3667\">\n\t\t\t\t\t\t<section class=\"elementor-section elementor-top-section elementor-element elementor-element-71c60c74 elementor-section-height-min-height elementor-section-boxed elementor-section-height-default elementor-section-items-middle\" data-id=\"71c60c74\" data-element_type=\"section\" data-settings=\"{&quot;background_background&quot;:&quot;classic&quot;}\">\n\t\t\t\t\t\t\t<div class=\"elementor-background-overlay\"><\/div>\n\t\t\t\t\t\t\t<div class=\"elementor-container elementor-column-gap-default\">\n\t\t\t\t\t<div class=\"elementor-column elementor-col-100 elementor-top-column elementor-element elementor-element-3436502b\" data-id=\"3436502b\" data-element_type=\"column\">\n\t\t\t<div class=\"elementor-widget-wrap elementor-element-populated\">\n\t\t\t\t\t\t<div class=\"elementor-element elementor-element-768dd341 elementor-invisible elementor-widget elementor-widget-image\" data-id=\"768dd341\" data-element_type=\"widget\" data-settings=\"{&quot;_animation&quot;:&quot;fadeInUp&quot;}\" data-widget_type=\"image.default\">\n\t\t\t\t\t\t\t\t\t\t\t\t\t\t\t<img fetchpriority=\"high\" decoding=\"async\" width=\"728\" height=\"368\" src=\"https:\/\/hommage-studio.com\/wp-content\/uploads\/2022\/03\/Humble-logo-.gif\" class=\"attachment-large size-large wp-image-3786\" alt=\"\" \/>\t\t\t\t\t\t\t\t\t\t\t\t\t\t\t<\/div>\n\t\t\t\t\t<\/div>\n\t\t<\/div>\n\t\t\t\t\t<\/div>\n\t\t<\/section>\n\t\t\t\t<section class=\"elementor-section elementor-top-section elementor-element elementor-element-1d1e79f elementor-section-boxed elementor-section-height-default elementor-section-height-default\" data-id=\"1d1e79f\" data-element_type=\"section\">\n\t\t\t\t\t\t<div class=\"elementor-container elementor-column-gap-default\">\n\t\t\t\t\t<div class=\"elementor-column elementor-col-100 elementor-top-column elementor-element elementor-element-71f411a9\" data-id=\"71f411a9\" data-element_type=\"column\">\n\t\t\t<div class=\"elementor-widget-wrap elementor-element-populated\">\n\t\t\t\t\t\t<div class=\"elementor-element elementor-element-c6887d5 elementor-widget elementor-widget-heading\" data-id=\"c6887d5\" data-element_type=\"widget\" data-widget_type=\"heading.default\">\n\t\t\t\t\t<h2 class=\"elementor-heading-title elementor-size-default\">Cr\u00e9er la plateforme de <br>communication digitale de humble<\/h2>\t\t\t\t<\/div>\n\t\t\t\t<div class=\"elementor-element elementor-element-10ceb5bc elementor-widget elementor-widget-text-editor\" data-id=\"10ceb5bc\" data-element_type=\"widget\" data-widget_type=\"text-editor.default\">\n\t\t\t\t\t\t\t\t\t<p>Humble est une maison cr\u00e9ative bas\u00e9e \u00e0 paris.\u00a0 Ils cr\u00e9ent des histoires durables qui s\u2019inscrivent dans les cultures des audiences. Chaque cr\u00e9ation int\u00e8gre les probl\u00e9matiques de production. Chaque production est int\u00e9gr\u00e9e \u00e0 leur agence.<\/p>\t\t\t\t\t\t\t\t<\/div>\n\t\t\t\t\t<\/div>\n\t\t<\/div>\n\t\t\t\t\t<\/div>\n\t\t<\/section>\n\t\t\t\t<section class=\"elementor-section elementor-top-section elementor-element elementor-element-5889f007 elementor-section-height-min-height elementor-section-boxed elementor-section-height-default elementor-section-items-middle\" data-id=\"5889f007\" data-element_type=\"section\">\n\t\t\t\t\t\t<div class=\"elementor-container elementor-column-gap-default\">\n\t\t\t\t\t<div class=\"elementor-column elementor-col-100 elementor-top-column elementor-element elementor-element-2a7bc35d\" data-id=\"2a7bc35d\" data-element_type=\"column\">\n\t\t\t<div class=\"elementor-widget-wrap elementor-element-populated\">\n\t\t\t\t\t\t<div class=\"elementor-element elementor-element-555e9f84 CARREROUGE elementor-widget elementor-widget-image\" data-id=\"555e9f84\" data-element_type=\"widget\" data-settings=\"{&quot;motion_fx_motion_fx_scrolling&quot;:&quot;yes&quot;,&quot;motion_fx_translateY_effect&quot;:&quot;yes&quot;,&quot;motion_fx_translateY_speed&quot;:{&quot;unit&quot;:&quot;px&quot;,&quot;size&quot;:1.2,&quot;sizes&quot;:[]},&quot;motion_fx_translateY_affectedRange&quot;:{&quot;unit&quot;:&quot;%&quot;,&quot;size&quot;:&quot;&quot;,&quot;sizes&quot;:{&quot;start&quot;:0,&quot;end&quot;:100}},&quot;motion_fx_devices&quot;:[&quot;desktop&quot;,&quot;tablet&quot;,&quot;mobile&quot;]}\" data-widget_type=\"image.default\">\n\t\t\t\t\t\t\t\t\t\t\t\t\t\t\t<img decoding=\"async\" width=\"800\" height=\"800\" src=\"https:\/\/hommage-studio.com\/wp-content\/uploads\/2022\/03\/Photo-Rouge-1024x1024.jpg\" class=\"attachment-large size-large wp-image-3788\" alt=\"\" srcset=\"https:\/\/hommage-studio.com\/wp-content\/uploads\/2022\/03\/Photo-Rouge-1024x1024.jpg 1024w, https:\/\/hommage-studio.com\/wp-content\/uploads\/2022\/03\/Photo-Rouge-300x300.jpg 300w, https:\/\/hommage-studio.com\/wp-content\/uploads\/2022\/03\/Photo-Rouge-150x150.jpg 150w, https:\/\/hommage-studio.com\/wp-content\/uploads\/2022\/03\/Photo-Rouge-768x768.jpg 768w, https:\/\/hommage-studio.com\/wp-content\/uploads\/2022\/03\/Photo-Rouge.jpg 1500w\" sizes=\"(max-width: 800px) 100vw, 800px\" \/>\t\t\t\t\t\t\t\t\t\t\t\t\t\t\t<\/div>\n\t\t\t\t<div class=\"elementor-element elementor-element-49f5acb1 CARREVIOLET elementor-widget elementor-widget-image\" data-id=\"49f5acb1\" data-element_type=\"widget\" data-widget_type=\"image.default\">\n\t\t\t\t\t\t\t\t\t\t\t\t\t\t\t<img decoding=\"async\" width=\"800\" height=\"800\" src=\"https:\/\/hommage-studio.com\/wp-content\/uploads\/2022\/03\/Violette-1024x1024.jpg\" class=\"attachment-large size-large wp-image-3790\" alt=\"\" srcset=\"https:\/\/hommage-studio.com\/wp-content\/uploads\/2022\/03\/Violette-1024x1024.jpg 1024w, https:\/\/hommage-studio.com\/wp-content\/uploads\/2022\/03\/Violette-300x300.jpg 300w, https:\/\/hommage-studio.com\/wp-content\/uploads\/2022\/03\/Violette-150x150.jpg 150w, https:\/\/hommage-studio.com\/wp-content\/uploads\/2022\/03\/Violette-768x768.jpg 768w, https:\/\/hommage-studio.com\/wp-content\/uploads\/2022\/03\/Violette.jpg 1500w\" sizes=\"(max-width: 800px) 100vw, 800px\" \/>\t\t\t\t\t\t\t\t\t\t\t\t\t\t\t<\/div>\n\t\t\t\t<div class=\"elementor-element elementor-element-42e42843 elementor-widget__width-auto elementor-absolute elementor-widget elementor-widget-heading\" data-id=\"42e42843\" data-element_type=\"widget\" data-settings=\"{&quot;_position&quot;:&quot;absolute&quot;}\" data-widget_type=\"heading.default\">\n\t\t\t\t\t<h2 class=\"elementor-heading-title elementor-size-default\">Mettre en avant\nla richesse du contenu<br>\ncr\u00e9e par Humble pour leurs clients.<\/h2>\t\t\t\t<\/div>\n\t\t\t\t\t<\/div>\n\t\t<\/div>\n\t\t\t\t\t<\/div>\n\t\t<\/section>\n\t\t\t\t<section class=\"elementor-section elementor-top-section elementor-element elementor-element-6f86fa90 elementor-section-boxed elementor-section-height-default elementor-section-height-default\" data-id=\"6f86fa90\" data-element_type=\"section\">\n\t\t\t\t\t\t<div class=\"elementor-container elementor-column-gap-default\">\n\t\t\t\t\t<div class=\"elementor-column elementor-col-100 elementor-top-column elementor-element elementor-element-5583fd71\" data-id=\"5583fd71\" data-element_type=\"column\">\n\t\t\t<div class=\"elementor-widget-wrap elementor-element-populated\">\n\t\t\t\t\t\t<div class=\"elementor-element elementor-element-6130a2c1 ANIMMAD elementor-widget__width-auto elementor-absolute elementor-widget elementor-widget-image\" data-id=\"6130a2c1\" data-element_type=\"widget\" data-settings=\"{&quot;_position&quot;:&quot;absolute&quot;}\" data-widget_type=\"image.default\">\n\t\t\t\t\t\t\t\t\t\t\t\t\t\t\t<img loading=\"lazy\" decoding=\"async\" width=\"588\" height=\"716\" src=\"https:\/\/hommage-studio.com\/wp-content\/uploads\/2022\/03\/GIF-OPTIMIZ.gif\" class=\"attachment-large size-large wp-image-3792\" alt=\"\" \/>\t\t\t\t\t\t\t\t\t\t\t\t\t\t\t<\/div>\n\t\t\t\t<div class=\"elementor-element elementor-element-7f8d61dd PLASTIQUE elementor-widget elementor-widget-image\" data-id=\"7f8d61dd\" data-element_type=\"widget\" data-settings=\"{&quot;motion_fx_motion_fx_scrolling&quot;:&quot;yes&quot;,&quot;motion_fx_translateY_effect&quot;:&quot;yes&quot;,&quot;motion_fx_translateY_speed&quot;:{&quot;unit&quot;:&quot;px&quot;,&quot;size&quot;:1.2,&quot;sizes&quot;:[]},&quot;motion_fx_translateY_affectedRange&quot;:{&quot;unit&quot;:&quot;%&quot;,&quot;size&quot;:&quot;&quot;,&quot;sizes&quot;:{&quot;start&quot;:0,&quot;end&quot;:100}},&quot;motion_fx_devices&quot;:[&quot;desktop&quot;,&quot;tablet&quot;,&quot;mobile&quot;]}\" data-widget_type=\"image.default\">\n\t\t\t\t\t\t\t\t\t\t\t\t\t\t\t<img loading=\"lazy\" decoding=\"async\" width=\"800\" height=\"560\" src=\"https:\/\/hommage-studio.com\/wp-content\/uploads\/2022\/03\/PLA.png\" class=\"attachment-large size-large wp-image-3794\" alt=\"\" srcset=\"https:\/\/hommage-studio.com\/wp-content\/uploads\/2022\/03\/PLA.png 1000w, https:\/\/hommage-studio.com\/wp-content\/uploads\/2022\/03\/PLA-300x210.png 300w, https:\/\/hommage-studio.com\/wp-content\/uploads\/2022\/03\/PLA-768x538.png 768w\" sizes=\"(max-width: 800px) 100vw, 800px\" \/>\t\t\t\t\t\t\t\t\t\t\t\t\t\t\t<\/div>\n\t\t\t\t\t<\/div>\n\t\t<\/div>\n\t\t\t\t\t<\/div>\n\t\t<\/section>\n\t\t\t\t<section class=\"elementor-section elementor-top-section elementor-element elementor-element-43d7859e elementor-section-boxed elementor-section-height-default elementor-section-height-default\" data-id=\"43d7859e\" data-element_type=\"section\">\n\t\t\t\t\t\t<div class=\"elementor-container elementor-column-gap-default\">\n\t\t\t\t\t<div class=\"elementor-column elementor-col-100 elementor-top-column elementor-element elementor-element-11ff87a5\" data-id=\"11ff87a5\" data-element_type=\"column\">\n\t\t\t<div class=\"elementor-widget-wrap elementor-element-populated\">\n\t\t\t\t\t\t<div class=\"elementor-element elementor-element-21f7a51a elementor-widget__width-auto elementor-absolute elementor-widget elementor-widget-text-editor\" data-id=\"21f7a51a\" data-element_type=\"widget\" data-settings=\"{&quot;_position&quot;:&quot;absolute&quot;}\" data-widget_type=\"text-editor.default\">\n\t\t\t\t\t\t\t\t\t<p>Cr\u00e9er des mock-up pour faciliter\u00a0<br \/>la mise en ligne par le client.<\/p>\t\t\t\t\t\t\t\t<\/div>\n\t\t\t\t<div class=\"elementor-element elementor-element-28c220b9 PEINTURE elementor-widget elementor-widget-image\" data-id=\"28c220b9\" data-element_type=\"widget\" data-settings=\"{&quot;motion_fx_motion_fx_scrolling&quot;:&quot;yes&quot;,&quot;motion_fx_translateX_effect&quot;:&quot;yes&quot;,&quot;motion_fx_translateX_speed&quot;:{&quot;unit&quot;:&quot;px&quot;,&quot;size&quot;:1.1,&quot;sizes&quot;:[]},&quot;motion_fx_translateX_affectedRange&quot;:{&quot;unit&quot;:&quot;%&quot;,&quot;size&quot;:&quot;&quot;,&quot;sizes&quot;:{&quot;start&quot;:0,&quot;end&quot;:100}},&quot;motion_fx_devices&quot;:[&quot;desktop&quot;,&quot;tablet&quot;,&quot;mobile&quot;]}\" data-widget_type=\"image.default\">\n\t\t\t\t\t\t\t\t\t\t\t\t\t\t\t<img loading=\"lazy\" decoding=\"async\" width=\"737\" height=\"1024\" src=\"https:\/\/hommage-studio.com\/wp-content\/uploads\/2022\/03\/PEINTURE-737x1024.jpg\" class=\"attachment-large size-large wp-image-3796\" alt=\"\" srcset=\"https:\/\/hommage-studio.com\/wp-content\/uploads\/2022\/03\/PEINTURE-737x1024.jpg 737w, https:\/\/hommage-studio.com\/wp-content\/uploads\/2022\/03\/PEINTURE-216x300.jpg 216w, https:\/\/hommage-studio.com\/wp-content\/uploads\/2022\/03\/PEINTURE-768x1067.jpg 768w, https:\/\/hommage-studio.com\/wp-content\/uploads\/2022\/03\/PEINTURE.jpg 848w\" sizes=\"(max-width: 737px) 100vw, 737px\" \/>\t\t\t\t\t\t\t\t\t\t\t\t\t\t\t<\/div>\n\t\t\t\t<div class=\"elementor-element elementor-element-1ccfe7ee AFFICHE elementor-widget elementor-widget-image\" data-id=\"1ccfe7ee\" data-element_type=\"widget\" data-widget_type=\"image.default\">\n\t\t\t\t\t\t\t\t\t\t\t\t\t\t\t<img loading=\"lazy\" decoding=\"async\" width=\"800\" height=\"450\" src=\"https:\/\/hommage-studio.com\/wp-content\/uploads\/2022\/03\/AFFICHE-1024x576.jpg\" class=\"attachment-large size-large wp-image-3798\" alt=\"\" srcset=\"https:\/\/hommage-studio.com\/wp-content\/uploads\/2022\/03\/AFFICHE-1024x576.jpg 1024w, https:\/\/hommage-studio.com\/wp-content\/uploads\/2022\/03\/AFFICHE-300x169.jpg 300w, https:\/\/hommage-studio.com\/wp-content\/uploads\/2022\/03\/AFFICHE-768x432.jpg 768w, https:\/\/hommage-studio.com\/wp-content\/uploads\/2022\/03\/AFFICHE.jpg 1400w\" sizes=\"(max-width: 800px) 100vw, 800px\" \/>\t\t\t\t\t\t\t\t\t\t\t\t\t\t\t<\/div>\n\t\t\t\t<div class=\"elementor-element elementor-element-70653dfd OEIL elementor-absolute elementor-widget elementor-widget-image\" data-id=\"70653dfd\" data-element_type=\"widget\" data-settings=\"{&quot;_position&quot;:&quot;absolute&quot;,&quot;motion_fx_motion_fx_scrolling&quot;:&quot;yes&quot;,&quot;motion_fx_translateX_effect&quot;:&quot;yes&quot;,&quot;motion_fx_translateX_direction&quot;:&quot;negative&quot;,&quot;motion_fx_translateX_speed&quot;:{&quot;unit&quot;:&quot;px&quot;,&quot;size&quot;:1.2,&quot;sizes&quot;:[]},&quot;motion_fx_translateX_affectedRange&quot;:{&quot;unit&quot;:&quot;%&quot;,&quot;size&quot;:&quot;&quot;,&quot;sizes&quot;:{&quot;start&quot;:0,&quot;end&quot;:100}},&quot;motion_fx_devices&quot;:[&quot;desktop&quot;,&quot;tablet&quot;,&quot;mobile&quot;]}\" data-widget_type=\"image.default\">\n\t\t\t\t\t\t\t\t\t\t\t\t\t\t\t<img loading=\"lazy\" decoding=\"async\" width=\"662\" height=\"804\" src=\"https:\/\/hommage-studio.com\/wp-content\/uploads\/2022\/03\/VISUGAUCHE.jpg\" class=\"attachment-large size-large wp-image-3800\" alt=\"\" srcset=\"https:\/\/hommage-studio.com\/wp-content\/uploads\/2022\/03\/VISUGAUCHE.jpg 662w, https:\/\/hommage-studio.com\/wp-content\/uploads\/2022\/03\/VISUGAUCHE-247x300.jpg 247w\" sizes=\"(max-width: 662px) 100vw, 662px\" \/>\t\t\t\t\t\t\t\t\t\t\t\t\t\t\t<\/div>\n\t\t\t\t\t<\/div>\n\t\t<\/div>\n\t\t\t\t\t<\/div>\n\t\t<\/section>\n\t\t\t\t<section class=\"elementor-section elementor-top-section elementor-element elementor-element-649e30eb elementor-section-height-min-height elementor-section-boxed elementor-section-height-default elementor-section-items-middle\" data-id=\"649e30eb\" data-element_type=\"section\">\n\t\t\t\t\t\t<div class=\"elementor-container elementor-column-gap-default\">\n\t\t\t\t\t<div class=\"elementor-column elementor-col-100 elementor-top-column elementor-element elementor-element-484cfb61\" data-id=\"484cfb61\" data-element_type=\"column\">\n\t\t\t<div class=\"elementor-widget-wrap elementor-element-populated\">\n\t\t\t\t\t\t<div class=\"elementor-element elementor-element-773a9ee1 elementor-align-right elementor-widget elementor-widget-button\" data-id=\"773a9ee1\" data-element_type=\"widget\" data-widget_type=\"button.default\">\n\t\t\t\t\t\t\t\t\t\t<a class=\"elementor-button elementor-button-link elementor-size-md\" href=\"http:\/\/HUMBLE.PARIS\">\n\t\t\t\t\t\t<span class=\"elementor-button-content-wrapper\">\n\t\t\t\t\t\t\t\t\t<span class=\"elementor-button-text\">HTTP:\/\/HUMBLE.PARIS<\/span>\n\t\t\t\t\t<\/span>\n\t\t\t\t\t<\/a>\n\t\t\t\t\t\t\t\t<\/div>\n\t\t\t\t<div class=\"elementor-element elementor-element-3f2671d6 elementor-widget elementor-widget-image\" data-id=\"3f2671d6\" data-element_type=\"widget\" data-widget_type=\"image.default\">\n\t\t\t\t\t\t\t\t\t\t\t\t\t\t\t<img loading=\"lazy\" decoding=\"async\" width=\"800\" height=\"341\" src=\"https:\/\/hommage-studio.com\/wp-content\/uploads\/2022\/03\/PHONE-1024x436.jpg\" class=\"attachment-large size-large wp-image-3802\" alt=\"\" srcset=\"https:\/\/hommage-studio.com\/wp-content\/uploads\/2022\/03\/PHONE-1024x436.jpg 1024w, https:\/\/hommage-studio.com\/wp-content\/uploads\/2022\/03\/PHONE-300x128.jpg 300w, https:\/\/hommage-studio.com\/wp-content\/uploads\/2022\/03\/PHONE-768x327.jpg 768w, https:\/\/hommage-studio.com\/wp-content\/uploads\/2022\/03\/PHONE-1536x654.jpg 1536w, https:\/\/hommage-studio.com\/wp-content\/uploads\/2022\/03\/PHONE-2048x871.jpg 2048w\" sizes=\"(max-width: 800px) 100vw, 800px\" \/>\t\t\t\t\t\t\t\t\t\t\t\t\t\t\t<\/div>\n\t\t\t\t\t<\/div>\n\t\t<\/div>\n\t\t\t\t\t<\/div>\n\t\t<\/section>\n\t\t\t\t<\/div>\n\t\t","protected":false},"excerpt":{"rendered":"<p>Cr\u00e9er la plateforme de communication digitale de humble Humble est une maison cr\u00e9ative bas\u00e9e \u00e0 paris.&nbsp; Ils cr\u00e9ent des histoires durables qui s\u2019inscrivent dans les cultures des audiences. Chaque cr\u00e9ation int\u00e8gre les probl\u00e9matiques de production. Chaque production est int\u00e9gr\u00e9e \u00e0 leur agence. Mettre en avant la richesse du contenu cr\u00e9e par Humble pour leurs clients. [&hellip;]<\/p>\n","protected":false},"author":1,"featured_media":0,"parent":0,"menu_order":0,"comment_status":"closed","ping_status":"closed","template":"","meta":{"_acf_changed":false,"om_disable_all_campaigns":false,"inline_featured_image":false,"_monsterinsights_skip_tracking":false,"_monsterinsights_sitenote_active":false,"_monsterinsights_sitenote_note":"","_monsterinsights_sitenote_category":0,"footnotes":""},"class_list":["post-6297","page","type-page","status-publish","hentry"],"acf":[],"aioseo_notices":[],"yoast_head":"<!-- This site is optimized with the Yoast SEO plugin v26.7 - https:\/\/yoast.com\/wordpress\/plugins\/seo\/ -->\n<title>HUMBLE - Branding is my superpower<\/title>\n<meta name=\"robots\" content=\"index, follow, max-snippet:-1, max-image-preview:large, max-video-preview:-1\" \/>\n<link rel=\"canonical\" href=\"https:\/\/hommage-studio.com\/fr\/humble\" \/>\n<meta property=\"og:locale\" content=\"fr_FR\" \/>\n<meta property=\"og:type\" content=\"article\" \/>\n<meta property=\"og:title\" content=\"HUMBLE - Branding is my superpower\" \/>\n<meta property=\"og:description\" content=\"Cr\u00e9er la plateforme de communication digitale de humble Humble est une maison cr\u00e9ative bas\u00e9e \u00e0 paris.&nbsp; Ils cr\u00e9ent des histoires durables qui s\u2019inscrivent dans les cultures des audiences. Chaque cr\u00e9ation int\u00e8gre les probl\u00e9matiques de production. Chaque production est int\u00e9gr\u00e9e \u00e0 leur agence. Mettre en avant la richesse du contenu cr\u00e9e par Humble pour leurs clients. [&hellip;]\" \/>\n<meta property=\"og:url\" content=\"https:\/\/hommage-studio.com\/fr\/humble\" \/>\n<meta property=\"og:site_name\" content=\"Branding is my superpower\" \/>\n<meta property=\"article:modified_time\" content=\"2022-03-16T18:15:44+00:00\" \/>\n<meta property=\"og:image\" content=\"http:\/\/hommage-studio.com\/wp-content\/uploads\/2022\/03\/Humble-logo-.gif\" \/>\n<meta name=\"twitter:card\" content=\"summary_large_image\" \/>\n<meta name=\"twitter:label1\" content=\"Dur\u00e9e de lecture estim\u00e9e\" \/>\n\t<meta name=\"twitter:data1\" content=\"3 minutes\" \/>\n<script type=\"application\/ld+json\" class=\"yoast-schema-graph\">{\"@context\":\"https:\/\/schema.org\",\"@graph\":[{\"@type\":\"WebPage\",\"@id\":\"https:\/\/hommage-studio.com\/fr\/humble\",\"url\":\"https:\/\/hommage-studio.com\/fr\/humble\",\"name\":\"HUMBLE - Branding is my superpower\",\"isPartOf\":{\"@id\":\"https:\/\/hommage-studio.com\/#website\"},\"primaryImageOfPage\":{\"@id\":\"https:\/\/hommage-studio.com\/fr\/humble#primaryimage\"},\"image\":{\"@id\":\"https:\/\/hommage-studio.com\/fr\/humble#primaryimage\"},\"thumbnailUrl\":\"http:\/\/hommage-studio.com\/wp-content\/uploads\/2022\/03\/Humble-logo-.gif\",\"datePublished\":\"2022-03-16T17:59:27+00:00\",\"dateModified\":\"2022-03-16T18:15:44+00:00\",\"breadcrumb\":{\"@id\":\"https:\/\/hommage-studio.com\/fr\/humble#breadcrumb\"},\"inLanguage\":\"fr-FR\",\"potentialAction\":[{\"@type\":\"ReadAction\",\"target\":[\"https:\/\/hommage-studio.com\/fr\/humble\"]}]},{\"@type\":\"ImageObject\",\"inLanguage\":\"fr-FR\",\"@id\":\"https:\/\/hommage-studio.com\/fr\/humble#primaryimage\",\"url\":\"http:\/\/hommage-studio.com\/wp-content\/uploads\/2022\/03\/Humble-logo-.gif\",\"contentUrl\":\"http:\/\/hommage-studio.com\/wp-content\/uploads\/2022\/03\/Humble-logo-.gif\"},{\"@type\":\"BreadcrumbList\",\"@id\":\"https:\/\/hommage-studio.com\/fr\/humble#breadcrumb\",\"itemListElement\":[{\"@type\":\"ListItem\",\"position\":1,\"name\":\"Accueil\",\"item\":\"https:\/\/hommage-studio.com\/fr\"},{\"@type\":\"ListItem\",\"position\":2,\"name\":\"HUMBLE\"}]},{\"@type\":\"WebSite\",\"@id\":\"https:\/\/hommage-studio.com\/#website\",\"url\":\"https:\/\/hommage-studio.com\/\",\"name\":\"Branding is my superpower\",\"description\":\"People will love your brand\",\"publisher\":{\"@id\":\"https:\/\/hommage-studio.com\/#organization\"},\"potentialAction\":[{\"@type\":\"SearchAction\",\"target\":{\"@type\":\"EntryPoint\",\"urlTemplate\":\"https:\/\/hommage-studio.com\/?s={search_term_string}\"},\"query-input\":{\"@type\":\"PropertyValueSpecification\",\"valueRequired\":true,\"valueName\":\"search_term_string\"}}],\"inLanguage\":\"fr-FR\"},{\"@type\":\"Organization\",\"@id\":\"https:\/\/hommage-studio.com\/#organization\",\"name\":\"Branding is my superpower\",\"url\":\"https:\/\/hommage-studio.com\/\",\"logo\":{\"@type\":\"ImageObject\",\"inLanguage\":\"fr-FR\",\"@id\":\"https:\/\/hommage-studio.com\/#\/schema\/logo\/image\/\",\"url\":\"https:\/\/hommage-studio.com\/wp-content\/uploads\/2021\/12\/LOGO.svg\",\"contentUrl\":\"https:\/\/hommage-studio.com\/wp-content\/uploads\/2021\/12\/LOGO.svg\",\"caption\":\"Branding is my superpower\"},\"image\":{\"@id\":\"https:\/\/hommage-studio.com\/#\/schema\/logo\/image\/\"}}]}<\/script>\n<!-- \/ Yoast SEO plugin. -->","yoast_head_json":{"title":"HUMBLE - Branding is my superpower","robots":{"index":"index","follow":"follow","max-snippet":"max-snippet:-1","max-image-preview":"max-image-preview:large","max-video-preview":"max-video-preview:-1"},"canonical":"https:\/\/hommage-studio.com\/fr\/humble","og_locale":"fr_FR","og_type":"article","og_title":"HUMBLE - Branding is my superpower","og_description":"Cr\u00e9er la plateforme de communication digitale de humble Humble est une maison cr\u00e9ative bas\u00e9e \u00e0 paris.&nbsp; Ils cr\u00e9ent des histoires durables qui s\u2019inscrivent dans les cultures des audiences. Chaque cr\u00e9ation int\u00e8gre les probl\u00e9matiques de production. Chaque production est int\u00e9gr\u00e9e \u00e0 leur agence. Mettre en avant la richesse du contenu cr\u00e9e par Humble pour leurs clients. [&hellip;]","og_url":"https:\/\/hommage-studio.com\/fr\/humble","og_site_name":"Branding is my superpower","article_modified_time":"2022-03-16T18:15:44+00:00","og_image":[{"url":"http:\/\/hommage-studio.com\/wp-content\/uploads\/2022\/03\/Humble-logo-.gif","type":"","width":"","height":""}],"twitter_card":"summary_large_image","twitter_misc":{"Dur\u00e9e de lecture estim\u00e9e":"3 minutes"},"schema":{"@context":"https:\/\/schema.org","@graph":[{"@type":"WebPage","@id":"https:\/\/hommage-studio.com\/fr\/humble","url":"https:\/\/hommage-studio.com\/fr\/humble","name":"HUMBLE - Branding is my superpower","isPartOf":{"@id":"https:\/\/hommage-studio.com\/#website"},"primaryImageOfPage":{"@id":"https:\/\/hommage-studio.com\/fr\/humble#primaryimage"},"image":{"@id":"https:\/\/hommage-studio.com\/fr\/humble#primaryimage"},"thumbnailUrl":"http:\/\/hommage-studio.com\/wp-content\/uploads\/2022\/03\/Humble-logo-.gif","datePublished":"2022-03-16T17:59:27+00:00","dateModified":"2022-03-16T18:15:44+00:00","breadcrumb":{"@id":"https:\/\/hommage-studio.com\/fr\/humble#breadcrumb"},"inLanguage":"fr-FR","potentialAction":[{"@type":"ReadAction","target":["https:\/\/hommage-studio.com\/fr\/humble"]}]},{"@type":"ImageObject","inLanguage":"fr-FR","@id":"https:\/\/hommage-studio.com\/fr\/humble#primaryimage","url":"http:\/\/hommage-studio.com\/wp-content\/uploads\/2022\/03\/Humble-logo-.gif","contentUrl":"http:\/\/hommage-studio.com\/wp-content\/uploads\/2022\/03\/Humble-logo-.gif"},{"@type":"BreadcrumbList","@id":"https:\/\/hommage-studio.com\/fr\/humble#breadcrumb","itemListElement":[{"@type":"ListItem","position":1,"name":"Accueil","item":"https:\/\/hommage-studio.com\/fr"},{"@type":"ListItem","position":2,"name":"HUMBLE"}]},{"@type":"WebSite","@id":"https:\/\/hommage-studio.com\/#website","url":"https:\/\/hommage-studio.com\/","name":"Branding is my superpower","description":"People will love your brand","publisher":{"@id":"https:\/\/hommage-studio.com\/#organization"},"potentialAction":[{"@type":"SearchAction","target":{"@type":"EntryPoint","urlTemplate":"https:\/\/hommage-studio.com\/?s={search_term_string}"},"query-input":{"@type":"PropertyValueSpecification","valueRequired":true,"valueName":"search_term_string"}}],"inLanguage":"fr-FR"},{"@type":"Organization","@id":"https:\/\/hommage-studio.com\/#organization","name":"Branding is my superpower","url":"https:\/\/hommage-studio.com\/","logo":{"@type":"ImageObject","inLanguage":"fr-FR","@id":"https:\/\/hommage-studio.com\/#\/schema\/logo\/image\/","url":"https:\/\/hommage-studio.com\/wp-content\/uploads\/2021\/12\/LOGO.svg","contentUrl":"https:\/\/hommage-studio.com\/wp-content\/uploads\/2021\/12\/LOGO.svg","caption":"Branding is my superpower"},"image":{"@id":"https:\/\/hommage-studio.com\/#\/schema\/logo\/image\/"}}]}},"_links":{"self":[{"href":"https:\/\/hommage-studio.com\/fr\/wp-json\/wp\/v2\/pages\/6297","targetHints":{"allow":["GET"]}}],"collection":[{"href":"https:\/\/hommage-studio.com\/fr\/wp-json\/wp\/v2\/pages"}],"about":[{"href":"https:\/\/hommage-studio.com\/fr\/wp-json\/wp\/v2\/types\/page"}],"author":[{"embeddable":true,"href":"https:\/\/hommage-studio.com\/fr\/wp-json\/wp\/v2\/users\/1"}],"replies":[{"embeddable":true,"href":"https:\/\/hommage-studio.com\/fr\/wp-json\/wp\/v2\/comments?post=6297"}],"version-history":[{"count":8,"href":"https:\/\/hommage-studio.com\/fr\/wp-json\/wp\/v2\/pages\/6297\/revisions"}],"predecessor-version":[{"id":6326,"href":"https:\/\/hommage-studio.com\/fr\/wp-json\/wp\/v2\/pages\/6297\/revisions\/6326"}],"wp:attachment":[{"href":"https:\/\/hommage-studio.com\/fr\/wp-json\/wp\/v2\/media?parent=6297"}],"curies":[{"name":"wp","href":"https:\/\/api.w.org\/{rel}","templated":true}]}}