{"id":4275,"date":"2022-03-04T23:28:34","date_gmt":"2022-03-04T21:28:34","guid":{"rendered":"http:\/\/hommage-studio.com\/contact-2"},"modified":"2023-05-25T13:34:49","modified_gmt":"2023-05-25T11:34:49","slug":"contact","status":"publish","type":"page","link":"https:\/\/hommage-studio.com\/fr\/contact","title":{"rendered":"Contact"},"content":{"rendered":"\t\t<div data-elementor-type=\"wp-page\" data-elementor-id=\"4275\" class=\"elementor elementor-4275 elementor-44\">\n\t\t\t\t\t\t<section class=\"elementor-section elementor-top-section elementor-element elementor-element-216558f0 elementor-section-height-min-height elementor-section-boxed elementor-section-height-default elementor-section-items-middle\" data-id=\"216558f0\" data-element_type=\"section\" data-settings=\"{&quot;background_background&quot;:&quot;classic&quot;}\">\n\t\t\t\t\t\t\t<div class=\"elementor-background-overlay\"><\/div>\n\t\t\t\t\t\t\t<div class=\"elementor-container elementor-column-gap-default\">\n\t\t\t\t\t<div class=\"elementor-column elementor-col-33 elementor-top-column elementor-element elementor-element-e99955e\" data-id=\"e99955e\" data-element_type=\"column\">\n\t\t\t<div class=\"elementor-widget-wrap elementor-element-populated\">\n\t\t\t\t\t\t<div class=\"elementor-element elementor-element-8725010 elementor-widget elementor-widget-image\" data-id=\"8725010\" data-element_type=\"widget\" id=\"picture-moove-cursor\" data-settings=\"{&quot;motion_fx_motion_fx_mouse&quot;:&quot;yes&quot;}\" data-widget_type=\"image.default\">\n\t\t\t\t\t\t\t\t\t\t\t\t\t\t\t<img fetchpriority=\"high\" decoding=\"async\" width=\"800\" height=\"542\" src=\"https:\/\/hommage-studio.com\/wp-content\/uploads\/2023\/03\/ARM_CONTACT.png\" class=\"attachment-large size-large wp-image-15180\" alt=\"\" srcset=\"https:\/\/hommage-studio.com\/wp-content\/uploads\/2023\/03\/ARM_CONTACT.png 825w, https:\/\/hommage-studio.com\/wp-content\/uploads\/2023\/03\/ARM_CONTACT-300x203.png 300w, https:\/\/hommage-studio.com\/wp-content\/uploads\/2023\/03\/ARM_CONTACT-768x520.png 768w\" sizes=\"(max-width: 800px) 100vw, 800px\" \/>\t\t\t\t\t\t\t\t\t\t\t\t\t\t\t<\/div>\n\t\t\t\t<div class=\"elementor-element elementor-element-1b34cdf elementor-widget elementor-widget-html\" data-id=\"1b34cdf\" data-element_type=\"widget\" data-widget_type=\"html.default\">\n\t\t\t\t\t<script>\n    document.addEventListener(\"DOMContentLoaded\", function() {\n  const image = document.getElementById(\"picture-moove-cursor\");\n  const sensitivity = 10; \/\/ Plus la valeur est \u00e9lev\u00e9e, moins l'image bougera\n\n  document.addEventListener(\"mousemove\", function(event) {\n    if (!image) {\n      console.error(\"L'\u00e9l\u00e9ment avec l'ID 'picture-moove-cursor' est introuvable.\");\n      return;\n    }\n\n    const imageRect = image.getBoundingClientRect();\n    const imageCenterX = imageRect.left + imageRect.width \/ 2;\n    const imageCenterY = imageRect.top + imageRect.height \/ 2;\n\n    const offsetX = (event.clientX - imageCenterX) \/ sensitivity;\n    const offsetY = (event.clientY - imageCenterY) \/ sensitivity;\n\n    image.style.transform = `translate(${offsetX}px, ${offsetY}px)`;\n  });\n});\n<\/script>\t\t\t\t<\/div>\n\t\t\t\t\t<\/div>\n\t\t<\/div>\n\t\t\t\t<div class=\"elementor-column elementor-col-33 elementor-top-column elementor-element elementor-element-558c0cc\" data-id=\"558c0cc\" data-element_type=\"column\">\n\t\t\t<div class=\"elementor-widget-wrap elementor-element-populated\">\n\t\t\t\t\t\t<div class=\"elementor-element elementor-element-1825481d elementor-invisible elementor-widget elementor-widget-heading\" data-id=\"1825481d\" data-element_type=\"widget\" data-settings=\"{&quot;_animation&quot;:&quot;fadeInUp&quot;}\" data-widget_type=\"heading.default\">\n\t\t\t\t\t<h2 class=\"elementor-heading-title elementor-size-default\"><div class=\"square-color\">Chaque hist<span style=\"font-style: italic\">oi<\/span>re<\/div>\n<div>commence avec <\/div><div class=\"last-line\">\n<div><span style=\"font-weight: 300\">un 1<sup>er<\/sup><\/span> contact&nbsp;<\/div>\n<div class=\"subtitle\">\nQuelques mots<br>\nqui font <br>\nla diff\u00e9rence\n<\/div>\n<\/div><\/h2>\t\t\t\t<\/div>\n\t\t\t\t\t<\/div>\n\t\t<\/div>\n\t\t\t\t<div class=\"elementor-column elementor-col-33 elementor-top-column elementor-element elementor-element-76c7d1f\" data-id=\"76c7d1f\" data-element_type=\"column\">\n\t\t\t<div class=\"elementor-widget-wrap elementor-element-populated\">\n\t\t\t\t\t\t<section class=\"elementor-section elementor-inner-section elementor-element elementor-element-6a9943b elementor-section-content-bottom elementor-section-boxed elementor-section-height-default elementor-section-height-default\" data-id=\"6a9943b\" data-element_type=\"section\">\n\t\t\t\t\t\t<div class=\"elementor-container elementor-column-gap-default\">\n\t\t\t\t\t<div class=\"elementor-column elementor-col-100 elementor-inner-column elementor-element elementor-element-d212e2f\" data-id=\"d212e2f\" data-element_type=\"column\">\n\t\t\t<div class=\"elementor-widget-wrap elementor-element-populated\">\n\t\t\t\t\t\t<div class=\"elementor-element elementor-element-9041125 elementor-widget__width-auto business-inquiries elementor-widget elementor-widget-text-editor\" data-id=\"9041125\" data-element_type=\"widget\" data-widget_type=\"text-editor.default\">\n\t\t\t\t\t\t\t\t\t<p class=\"cta\">J\u2019ai un projet dont je veux parler<\/p>\t\t\t\t\t\t\t\t<\/div>\n\t\t\t\t<div class=\"elementor-element elementor-element-34eeaee elementor-widget__width-auto become-part-of-the-team elementor-widget elementor-widget-text-editor\" data-id=\"34eeaee\" data-element_type=\"widget\" data-widget_type=\"text-editor.default\">\n\t\t\t\t\t\t\t\t\t<p class=\"cta\">J\u2019ai envie de postuuuuler<\/p>\t\t\t\t\t\t\t\t<\/div>\n\t\t\t\t\t<\/div>\n\t\t<\/div>\n\t\t\t\t\t<\/div>\n\t\t<\/section>\n\t\t\t\t\t<\/div>\n\t\t<\/div>\n\t\t\t\t\t<\/div>\n\t\t<\/section>\n\t\t\t\t<\/div>\n\t\t","protected":false},"excerpt":{"rendered":"<p>Chaque histoire commence avec un 1er contact&nbsp; Quelques mots qui font la diff\u00e9rence J\u2019ai un projet dont je veux parler J\u2019ai envie de postuuuuler Business Inquiries EMAIL * PHONE NUMBER * SUBJECT OF YOUR MESSAGE Send my message Mail envoy\u00e9 Send my message<\/p>\n","protected":false},"author":1,"featured_media":0,"parent":0,"menu_order":0,"comment_status":"closed","ping_status":"closed","template":"","meta":{"_acf_changed":false,"om_disable_all_campaigns":false,"inline_featured_image":false,"_monsterinsights_skip_tracking":false,"_monsterinsights_sitenote_active":false,"_monsterinsights_sitenote_note":"","_monsterinsights_sitenote_category":0,"footnotes":""},"class_list":["post-4275","page","type-page","status-publish","hentry"],"acf":[],"aioseo_notices":[],"yoast_head":"<!-- This site is optimized with the Yoast SEO plugin v26.7 - https:\/\/yoast.com\/wordpress\/plugins\/seo\/ -->\n<title>Contact - Branding is my superpower<\/title>\n<meta name=\"description\" content=\"Every Stories begins with a first contact, Few words that makes the differences.\" \/>\n<meta name=\"robots\" content=\"index, follow, max-snippet:-1, max-image-preview:large, max-video-preview:-1\" \/>\n<link rel=\"canonical\" href=\"https:\/\/hommage-studio.com\/fr\/contact\" \/>\n<meta property=\"og:locale\" content=\"fr_FR\" \/>\n<meta property=\"og:type\" content=\"article\" \/>\n<meta property=\"og:title\" content=\"Contact - Branding is my superpower\" \/>\n<meta property=\"og:description\" content=\"Every Stories begins with a first contact, Few words that makes the differences.\" \/>\n<meta property=\"og:url\" content=\"https:\/\/hommage-studio.com\/fr\/contact\" \/>\n<meta property=\"og:site_name\" content=\"Branding is my superpower\" \/>\n<meta property=\"article:modified_time\" content=\"2023-05-25T11:34:49+00:00\" \/>\n<meta property=\"og:image\" content=\"http:\/\/hommage-studio.com\/wp-content\/uploads\/2023\/03\/ARM_CONTACT.png\" \/>\n<meta name=\"twitter:card\" content=\"summary_large_image\" \/>\n<meta name=\"twitter:title\" content=\"Nous cr\u00e9ons des histoires \u00e0 succ\u00e8s \u00e0 travers des r\u00e9cits, des exp\u00e9riences et des \u00e9motions authentiques, quelle que soit la taille de votre entreprise.\" \/>\n<meta name=\"twitter:description\" content=\"Every Stories begins with a first contact, Few words that makes the differences.\" \/>\n<meta name=\"twitter:label1\" content=\"Dur\u00e9e de lecture estim\u00e9e\" \/>\n\t<meta name=\"twitter:data1\" content=\"2 minutes\" \/>\n<script type=\"application\/ld+json\" class=\"yoast-schema-graph\">{\"@context\":\"https:\/\/schema.org\",\"@graph\":[{\"@type\":\"WebPage\",\"@id\":\"https:\/\/hommage-studio.com\/fr\/contact\",\"url\":\"https:\/\/hommage-studio.com\/fr\/contact\",\"name\":\"Contact - Branding is my superpower\",\"isPartOf\":{\"@id\":\"https:\/\/hommage-studio.com\/#website\"},\"primaryImageOfPage\":{\"@id\":\"https:\/\/hommage-studio.com\/fr\/contact#primaryimage\"},\"image\":{\"@id\":\"https:\/\/hommage-studio.com\/fr\/contact#primaryimage\"},\"thumbnailUrl\":\"http:\/\/hommage-studio.com\/wp-content\/uploads\/2023\/03\/ARM_CONTACT.png\",\"datePublished\":\"2022-03-04T21:28:34+00:00\",\"dateModified\":\"2023-05-25T11:34:49+00:00\",\"description\":\"Every Stories begins with a first contact, Few words that makes the differences.\",\"breadcrumb\":{\"@id\":\"https:\/\/hommage-studio.com\/fr\/contact#breadcrumb\"},\"inLanguage\":\"fr-FR\",\"potentialAction\":[{\"@type\":\"ReadAction\",\"target\":[\"https:\/\/hommage-studio.com\/fr\/contact\"]}]},{\"@type\":\"ImageObject\",\"inLanguage\":\"fr-FR\",\"@id\":\"https:\/\/hommage-studio.com\/fr\/contact#primaryimage\",\"url\":\"http:\/\/hommage-studio.com\/wp-content\/uploads\/2023\/03\/ARM_CONTACT.png\",\"contentUrl\":\"http:\/\/hommage-studio.com\/wp-content\/uploads\/2023\/03\/ARM_CONTACT.png\"},{\"@type\":\"BreadcrumbList\",\"@id\":\"https:\/\/hommage-studio.com\/fr\/contact#breadcrumb\",\"itemListElement\":[{\"@type\":\"ListItem\",\"position\":1,\"name\":\"Accueil\",\"item\":\"https:\/\/hommage-studio.com\/fr\"},{\"@type\":\"ListItem\",\"position\":2,\"name\":\"Contact\"}]},{\"@type\":\"WebSite\",\"@id\":\"https:\/\/hommage-studio.com\/#website\",\"url\":\"https:\/\/hommage-studio.com\/\",\"name\":\"Branding is my superpower\",\"description\":\"People will love your brand\",\"publisher\":{\"@id\":\"https:\/\/hommage-studio.com\/#organization\"},\"potentialAction\":[{\"@type\":\"SearchAction\",\"target\":{\"@type\":\"EntryPoint\",\"urlTemplate\":\"https:\/\/hommage-studio.com\/?s={search_term_string}\"},\"query-input\":{\"@type\":\"PropertyValueSpecification\",\"valueRequired\":true,\"valueName\":\"search_term_string\"}}],\"inLanguage\":\"fr-FR\"},{\"@type\":\"Organization\",\"@id\":\"https:\/\/hommage-studio.com\/#organization\",\"name\":\"Branding is my superpower\",\"url\":\"https:\/\/hommage-studio.com\/\",\"logo\":{\"@type\":\"ImageObject\",\"inLanguage\":\"fr-FR\",\"@id\":\"https:\/\/hommage-studio.com\/#\/schema\/logo\/image\/\",\"url\":\"https:\/\/hommage-studio.com\/wp-content\/uploads\/2021\/12\/LOGO.svg\",\"contentUrl\":\"https:\/\/hommage-studio.com\/wp-content\/uploads\/2021\/12\/LOGO.svg\",\"caption\":\"Branding is my superpower\"},\"image\":{\"@id\":\"https:\/\/hommage-studio.com\/#\/schema\/logo\/image\/\"}}]}<\/script>\n<!-- \/ Yoast SEO plugin. -->","yoast_head_json":{"title":"Contact - Branding is my superpower","description":"Every Stories begins with a first contact, Few words that makes the differences.","robots":{"index":"index","follow":"follow","max-snippet":"max-snippet:-1","max-image-preview":"max-image-preview:large","max-video-preview":"max-video-preview:-1"},"canonical":"https:\/\/hommage-studio.com\/fr\/contact","og_locale":"fr_FR","og_type":"article","og_title":"Contact - Branding is my superpower","og_description":"Every Stories begins with a first contact, Few words that makes the differences.","og_url":"https:\/\/hommage-studio.com\/fr\/contact","og_site_name":"Branding is my superpower","article_modified_time":"2023-05-25T11:34:49+00:00","og_image":[{"url":"http:\/\/hommage-studio.com\/wp-content\/uploads\/2023\/03\/ARM_CONTACT.png","type":"","width":"","height":""}],"twitter_card":"summary_large_image","twitter_title":"Nous cr\u00e9ons des histoires \u00e0 succ\u00e8s \u00e0 travers des r\u00e9cits, des exp\u00e9riences et des \u00e9motions authentiques, quelle que soit la taille de votre entreprise.","twitter_description":"Every Stories begins with a first contact, Few words that makes the differences.","twitter_misc":{"Dur\u00e9e de lecture estim\u00e9e":"2 minutes"},"schema":{"@context":"https:\/\/schema.org","@graph":[{"@type":"WebPage","@id":"https:\/\/hommage-studio.com\/fr\/contact","url":"https:\/\/hommage-studio.com\/fr\/contact","name":"Contact - Branding is my superpower","isPartOf":{"@id":"https:\/\/hommage-studio.com\/#website"},"primaryImageOfPage":{"@id":"https:\/\/hommage-studio.com\/fr\/contact#primaryimage"},"image":{"@id":"https:\/\/hommage-studio.com\/fr\/contact#primaryimage"},"thumbnailUrl":"http:\/\/hommage-studio.com\/wp-content\/uploads\/2023\/03\/ARM_CONTACT.png","datePublished":"2022-03-04T21:28:34+00:00","dateModified":"2023-05-25T11:34:49+00:00","description":"Every Stories begins with a first contact, Few words that makes the differences.","breadcrumb":{"@id":"https:\/\/hommage-studio.com\/fr\/contact#breadcrumb"},"inLanguage":"fr-FR","potentialAction":[{"@type":"ReadAction","target":["https:\/\/hommage-studio.com\/fr\/contact"]}]},{"@type":"ImageObject","inLanguage":"fr-FR","@id":"https:\/\/hommage-studio.com\/fr\/contact#primaryimage","url":"http:\/\/hommage-studio.com\/wp-content\/uploads\/2023\/03\/ARM_CONTACT.png","contentUrl":"http:\/\/hommage-studio.com\/wp-content\/uploads\/2023\/03\/ARM_CONTACT.png"},{"@type":"BreadcrumbList","@id":"https:\/\/hommage-studio.com\/fr\/contact#breadcrumb","itemListElement":[{"@type":"ListItem","position":1,"name":"Accueil","item":"https:\/\/hommage-studio.com\/fr"},{"@type":"ListItem","position":2,"name":"Contact"}]},{"@type":"WebSite","@id":"https:\/\/hommage-studio.com\/#website","url":"https:\/\/hommage-studio.com\/","name":"Branding is my superpower","description":"People will love your brand","publisher":{"@id":"https:\/\/hommage-studio.com\/#organization"},"potentialAction":[{"@type":"SearchAction","target":{"@type":"EntryPoint","urlTemplate":"https:\/\/hommage-studio.com\/?s={search_term_string}"},"query-input":{"@type":"PropertyValueSpecification","valueRequired":true,"valueName":"search_term_string"}}],"inLanguage":"fr-FR"},{"@type":"Organization","@id":"https:\/\/hommage-studio.com\/#organization","name":"Branding is my superpower","url":"https:\/\/hommage-studio.com\/","logo":{"@type":"ImageObject","inLanguage":"fr-FR","@id":"https:\/\/hommage-studio.com\/#\/schema\/logo\/image\/","url":"https:\/\/hommage-studio.com\/wp-content\/uploads\/2021\/12\/LOGO.svg","contentUrl":"https:\/\/hommage-studio.com\/wp-content\/uploads\/2021\/12\/LOGO.svg","caption":"Branding is my superpower"},"image":{"@id":"https:\/\/hommage-studio.com\/#\/schema\/logo\/image\/"}}]}},"_links":{"self":[{"href":"https:\/\/hommage-studio.com\/fr\/wp-json\/wp\/v2\/pages\/4275","targetHints":{"allow":["GET"]}}],"collection":[{"href":"https:\/\/hommage-studio.com\/fr\/wp-json\/wp\/v2\/pages"}],"about":[{"href":"https:\/\/hommage-studio.com\/fr\/wp-json\/wp\/v2\/types\/page"}],"author":[{"embeddable":true,"href":"https:\/\/hommage-studio.com\/fr\/wp-json\/wp\/v2\/users\/1"}],"replies":[{"embeddable":true,"href":"https:\/\/hommage-studio.com\/fr\/wp-json\/wp\/v2\/comments?post=4275"}],"version-history":[{"count":102,"href":"https:\/\/hommage-studio.com\/fr\/wp-json\/wp\/v2\/pages\/4275\/revisions"}],"predecessor-version":[{"id":15499,"href":"https:\/\/hommage-studio.com\/fr\/wp-json\/wp\/v2\/pages\/4275\/revisions\/15499"}],"wp:attachment":[{"href":"https:\/\/hommage-studio.com\/fr\/wp-json\/wp\/v2\/media?parent=4275"}],"curies":[{"name":"wp","href":"https:\/\/api.w.org\/{rel}","templated":true}]}}