{"id":10621,"date":"2023-01-30T16:03:55","date_gmt":"2023-01-30T14:03:55","guid":{"rendered":"http:\/\/hommage-studio.com\/felicitations"},"modified":"2023-01-31T11:55:19","modified_gmt":"2023-01-31T09:55:19","slug":"felicitations","status":"publish","type":"page","link":"https:\/\/hommage-studio.com\/fr\/felicitations","title":{"rendered":"felicitations"},"content":{"rendered":"\t\t<div data-elementor-type=\"wp-page\" data-elementor-id=\"10621\" class=\"elementor elementor-10621 elementor-10591\">\n\t\t\t\t\t\t<section class=\"elementor-section elementor-top-section elementor-element elementor-element-c319332 elementor-section-full_width elementor-section-height-full elementor-section-height-default elementor-section-items-middle\" data-id=\"c319332\" data-element_type=\"section\" data-settings=\"{&quot;background_background&quot;:&quot;classic&quot;}\">\n\t\t\t\t\t\t<div class=\"elementor-container elementor-column-gap-default\">\n\t\t\t\t\t<div class=\"elementor-column elementor-col-100 elementor-top-column elementor-element elementor-element-daacff0\" data-id=\"daacff0\" data-element_type=\"column\">\n\t\t\t<div class=\"elementor-widget-wrap elementor-element-populated\">\n\t\t\t\t\t\t<div class=\"elementor-element elementor-element-ca8127a elementor-widget elementor-widget-text-editor\" data-id=\"ca8127a\" data-element_type=\"widget\" data-widget_type=\"text-editor.default\">\n\t\t\t\t\t\t\t\t\t<p>F\u00e9licitations !<\/p>\n\t\t\t\t\t\t\t\t<\/div>\n\t\t\t\t<div class=\"elementor-element elementor-element-d666edd elementor-widget elementor-widget-html\" data-id=\"d666edd\" data-element_type=\"widget\" data-widget_type=\"html.default\">\n\t\t\t\t\t<a class=\"btn white\" href=\"javascript:void(0)\">\nVotre session de consulting offerte est rerserv\u00e9e \n<\/a>\t\t\t\t<\/div>\n\t\t\t\t<div class=\"elementor-element elementor-element-9e3e70c elementor-widget elementor-widget-image\" data-id=\"9e3e70c\" data-element_type=\"widget\" data-widget_type=\"image.default\">\n\t\t\t\t\t\t\t\t\t\t\t\t\t\t\t<img fetchpriority=\"high\" decoding=\"async\" width=\"800\" height=\"800\" src=\"https:\/\/hommage-studio.com\/wp-content\/uploads\/2023\/01\/best-30-fr.svg\" class=\"attachment-large size-large wp-image-10596\" alt=\"\" \/>\t\t\t\t\t\t\t\t\t\t\t\t\t\t\t<\/div>\n\t\t\t\t<div class=\"elementor-element elementor-element-f0b183c elementor-widget elementor-widget-text-editor\" data-id=\"f0b183c\" data-element_type=\"widget\" data-widget_type=\"text-editor.default\">\n\t\t\t\t\t\t\t\t\t<p>Durant ces 30 minutes, nous analyserons votre marque et<br \/>verrons ensemble quelles solutions \u00e9mergent pour la consolider !<\/p>\n\t\t\t\t\t\t\t\t<\/div>\n\t\t\t\t<div class=\"elementor-element elementor-element-4346b6c elementor-widget elementor-widget-html\" data-id=\"4346b6c\" data-element_type=\"widget\" data-widget_type=\"html.default\">\n\t\t\t\t\t<div class=\"gradient\"><\/div>\t\t\t\t<\/div>\n\t\t\t\t<div class=\"elementor-element elementor-element-d17cbc8 elementor-widget__width-initial elementor-widget-tablet__width-initial elementor-widget-mobile__width-initial elementor-absolute gravity gravity-1 elementor-widget elementor-widget-image\" data-id=\"d17cbc8\" data-element_type=\"widget\" data-settings=\"{&quot;_position&quot;:&quot;absolute&quot;}\" data-widget_type=\"image.default\">\n\t\t\t\t\t\t\t\t\t\t\t\t\t\t\t<img decoding=\"async\" width=\"471\" height=\"343\" src=\"https:\/\/hommage-studio.com\/wp-content\/uploads\/2022\/12\/Groupe-221576-1.png\" class=\"attachment-large size-large wp-image-9273\" alt=\"\" srcset=\"https:\/\/hommage-studio.com\/wp-content\/uploads\/2022\/12\/Groupe-221576-1.png 471w, https:\/\/hommage-studio.com\/wp-content\/uploads\/2022\/12\/Groupe-221576-1-300x218.png 300w\" sizes=\"(max-width: 471px) 100vw, 471px\" \/>\t\t\t\t\t\t\t\t\t\t\t\t\t\t\t<\/div>\n\t\t\t\t<div class=\"elementor-element elementor-element-f8f6e8d elementor-widget__width-initial elementor-widget-tablet__width-initial elementor-widget-mobile__width-initial gravity gravity-5 elementor-widget elementor-widget-image\" data-id=\"f8f6e8d\" data-element_type=\"widget\" data-widget_type=\"image.default\">\n\t\t\t\t\t\t\t\t\t\t\t\t\t\t\t<img decoding=\"async\" width=\"454\" height=\"336\" src=\"https:\/\/hommage-studio.com\/wp-content\/uploads\/2022\/12\/Groupe-221711-1.png\" class=\"attachment-large size-large wp-image-9267\" alt=\"\" srcset=\"https:\/\/hommage-studio.com\/wp-content\/uploads\/2022\/12\/Groupe-221711-1.png 454w, https:\/\/hommage-studio.com\/wp-content\/uploads\/2022\/12\/Groupe-221711-1-300x222.png 300w\" sizes=\"(max-width: 454px) 100vw, 454px\" \/>\t\t\t\t\t\t\t\t\t\t\t\t\t\t\t<\/div>\n\t\t\t\t<div class=\"elementor-element elementor-element-6238b29 elementor-widget__width-initial elementor-widget-tablet__width-initial elementor-widget-mobile__width-initial gravity gravity-2 elementor-widget elementor-widget-image\" data-id=\"6238b29\" data-element_type=\"widget\" data-widget_type=\"image.default\">\n\t\t\t\t\t\t\t\t\t\t\t\t\t\t\t<img loading=\"lazy\" decoding=\"async\" width=\"457\" height=\"244\" src=\"https:\/\/hommage-studio.com\/wp-content\/uploads\/2022\/12\/Groupe-221715-1.png\" class=\"attachment-large size-large wp-image-9269\" alt=\"\" srcset=\"https:\/\/hommage-studio.com\/wp-content\/uploads\/2022\/12\/Groupe-221715-1.png 457w, https:\/\/hommage-studio.com\/wp-content\/uploads\/2022\/12\/Groupe-221715-1-300x160.png 300w\" sizes=\"(max-width: 457px) 100vw, 457px\" \/>\t\t\t\t\t\t\t\t\t\t\t\t\t\t\t<\/div>\n\t\t\t\t<div class=\"elementor-element elementor-element-453657b elementor-widget__width-initial elementor-widget-tablet__width-initial elementor-widget-mobile__width-initial elementor-absolute gravity gravity-3 elementor-widget elementor-widget-image\" data-id=\"453657b\" data-element_type=\"widget\" data-settings=\"{&quot;_position&quot;:&quot;absolute&quot;}\" data-widget_type=\"image.default\">\n\t\t\t\t\t\t\t\t\t\t\t\t\t\t\t<img loading=\"lazy\" decoding=\"async\" width=\"503\" height=\"432\" src=\"https:\/\/hommage-studio.com\/wp-content\/uploads\/2022\/12\/Groupe-221583-1.png\" class=\"attachment-large size-large wp-image-9275\" alt=\"\" srcset=\"https:\/\/hommage-studio.com\/wp-content\/uploads\/2022\/12\/Groupe-221583-1.png 503w, https:\/\/hommage-studio.com\/wp-content\/uploads\/2022\/12\/Groupe-221583-1-300x258.png 300w\" sizes=\"(max-width: 503px) 100vw, 503px\" \/>\t\t\t\t\t\t\t\t\t\t\t\t\t\t\t<\/div>\n\t\t\t\t<div class=\"elementor-element elementor-element-8e3d215 elementor-widget__width-initial elementor-widget-tablet__width-initial elementor-widget-mobile__width-initial elementor-absolute gravity gravity-4 elementor-widget elementor-widget-image\" data-id=\"8e3d215\" data-element_type=\"widget\" data-settings=\"{&quot;_position&quot;:&quot;absolute&quot;}\" data-widget_type=\"image.default\">\n\t\t\t\t\t\t\t\t\t\t\t\t\t\t\t<img loading=\"lazy\" decoding=\"async\" width=\"590\" height=\"587\" src=\"https:\/\/hommage-studio.com\/wp-content\/uploads\/2022\/12\/Groupe-221704-1.png\" class=\"attachment-large size-large wp-image-9265\" alt=\"\" srcset=\"https:\/\/hommage-studio.com\/wp-content\/uploads\/2022\/12\/Groupe-221704-1.png 590w, https:\/\/hommage-studio.com\/wp-content\/uploads\/2022\/12\/Groupe-221704-1-300x298.png 300w, https:\/\/hommage-studio.com\/wp-content\/uploads\/2022\/12\/Groupe-221704-1-150x150.png 150w\" sizes=\"(max-width: 590px) 100vw, 590px\" \/>\t\t\t\t\t\t\t\t\t\t\t\t\t\t\t<\/div>\n\t\t\t\t<div class=\"elementor-element elementor-element-befb32e elementor-widget__width-initial elementor-widget-tablet__width-initial elementor-widget-mobile__width-initial gravity gravity-2 elementor-widget elementor-widget-image\" data-id=\"befb32e\" data-element_type=\"widget\" data-widget_type=\"image.default\">\n\t\t\t\t\t\t\t\t\t\t\t\t\t\t\t<img loading=\"lazy\" decoding=\"async\" width=\"492\" height=\"396\" src=\"https:\/\/hommage-studio.com\/wp-content\/uploads\/2022\/12\/Groupe-221734-1.png\" class=\"attachment-large size-large wp-image-9271\" alt=\"\" srcset=\"https:\/\/hommage-studio.com\/wp-content\/uploads\/2022\/12\/Groupe-221734-1.png 492w, https:\/\/hommage-studio.com\/wp-content\/uploads\/2022\/12\/Groupe-221734-1-300x241.png 300w\" sizes=\"(max-width: 492px) 100vw, 492px\" \/>\t\t\t\t\t\t\t\t\t\t\t\t\t\t\t<\/div>\n\t\t\t\t<div class=\"elementor-element elementor-element-6527e6a elementor-widget__width-initial elementor-widget-tablet__width-initial gravity gravity-4 elementor-widget-mobile__width-initial elementor-widget elementor-widget-image\" data-id=\"6527e6a\" data-element_type=\"widget\" data-widget_type=\"image.default\">\n\t\t\t\t\t\t\t\t\t\t\t\t\t\t\t<img loading=\"lazy\" decoding=\"async\" width=\"327\" height=\"319\" src=\"https:\/\/hommage-studio.com\/wp-content\/uploads\/2022\/12\/Groupe-221699-1.png\" class=\"attachment-large size-large wp-image-9263\" alt=\"\" srcset=\"https:\/\/hommage-studio.com\/wp-content\/uploads\/2022\/12\/Groupe-221699-1.png 327w, https:\/\/hommage-studio.com\/wp-content\/uploads\/2022\/12\/Groupe-221699-1-300x293.png 300w\" sizes=\"(max-width: 327px) 100vw, 327px\" \/>\t\t\t\t\t\t\t\t\t\t\t\t\t\t\t<\/div>\n\t\t\t\t<div class=\"elementor-element elementor-element-f36be45 elementor-widget__width-initial elementor-widget-tablet__width-initial elementor-absolute gravity gravity-2 elementor-widget elementor-widget-image\" data-id=\"f36be45\" data-element_type=\"widget\" data-settings=\"{&quot;_position&quot;:&quot;absolute&quot;}\" data-widget_type=\"image.default\">\n\t\t\t\t\t\t\t\t\t\t\t\t\t\t\t<img loading=\"lazy\" decoding=\"async\" width=\"749\" height=\"706\" src=\"https:\/\/hommage-studio.com\/wp-content\/uploads\/2022\/12\/Groupe-221584-1.png\" class=\"attachment-large size-large wp-image-9277\" alt=\"\" srcset=\"https:\/\/hommage-studio.com\/wp-content\/uploads\/2022\/12\/Groupe-221584-1.png 749w, https:\/\/hommage-studio.com\/wp-content\/uploads\/2022\/12\/Groupe-221584-1-300x283.png 300w\" sizes=\"(max-width: 749px) 100vw, 749px\" \/>\t\t\t\t\t\t\t\t\t\t\t\t\t\t\t<\/div>\n\t\t\t\t<div class=\"elementor-element elementor-element-754dbdc elementor-widget__width-initial elementor-widget-tablet__width-initial elementor-widget-mobile__width-initial gravity gravity-3 elementor-widget elementor-widget-image\" data-id=\"754dbdc\" data-element_type=\"widget\" data-widget_type=\"image.default\">\n\t\t\t\t\t\t\t\t\t\t\t\t\t\t\t<img loading=\"lazy\" decoding=\"async\" width=\"365\" height=\"318\" src=\"https:\/\/hommage-studio.com\/wp-content\/uploads\/2022\/12\/Groupe-221698-1.png\" class=\"attachment-large size-large wp-image-9261\" alt=\"\" srcset=\"https:\/\/hommage-studio.com\/wp-content\/uploads\/2022\/12\/Groupe-221698-1.png 365w, https:\/\/hommage-studio.com\/wp-content\/uploads\/2022\/12\/Groupe-221698-1-300x261.png 300w\" sizes=\"(max-width: 365px) 100vw, 365px\" \/>\t\t\t\t\t\t\t\t\t\t\t\t\t\t\t<\/div>\n\t\t\t\t\t<\/div>\n\t\t<\/div>\n\t\t\t\t\t<\/div>\n\t\t<\/section>\n\t\t\t\t<\/div>\n\t\t","protected":false},"excerpt":{"rendered":"<p>F\u00e9licitations ! Votre session de consulting offerte est rerserv\u00e9e Durant ces 30 minutes, nous analyserons votre marque etverrons ensemble quelles solutions \u00e9mergent pour la consolider !<\/p>\n","protected":false},"author":7,"featured_media":0,"parent":0,"menu_order":0,"comment_status":"closed","ping_status":"closed","template":"","meta":{"_acf_changed":false,"om_disable_all_campaigns":false,"inline_featured_image":false,"_monsterinsights_skip_tracking":false,"_monsterinsights_sitenote_active":false,"_monsterinsights_sitenote_note":"","_monsterinsights_sitenote_category":0,"footnotes":""},"class_list":["post-10621","page","type-page","status-publish","hentry"],"acf":[],"aioseo_notices":[],"yoast_head":"<!-- This site is optimized with the Yoast SEO plugin v26.7 - https:\/\/yoast.com\/wordpress\/plugins\/seo\/ -->\n<title>felicitations - Branding is my superpower<\/title>\n<meta name=\"robots\" content=\"index, follow, max-snippet:-1, max-image-preview:large, max-video-preview:-1\" \/>\n<link rel=\"canonical\" href=\"https:\/\/hommage-studio.com\/fr\/felicitations\" \/>\n<meta property=\"og:locale\" content=\"fr_FR\" \/>\n<meta property=\"og:type\" content=\"article\" \/>\n<meta property=\"og:title\" content=\"felicitations - Branding is my superpower\" \/>\n<meta property=\"og:description\" content=\"F\u00e9licitations ! Votre session de consulting offerte est rerserv\u00e9e Durant ces 30 minutes, nous analyserons votre marque etverrons ensemble quelles solutions \u00e9mergent pour la consolider !\" \/>\n<meta property=\"og:url\" content=\"https:\/\/hommage-studio.com\/fr\/felicitations\" \/>\n<meta property=\"og:site_name\" content=\"Branding is my superpower\" \/>\n<meta property=\"article:modified_time\" content=\"2023-01-31T09:55:19+00:00\" \/>\n<meta property=\"og:image\" content=\"http:\/\/hommage-studio.com\/wp-content\/uploads\/2023\/01\/best-30-fr.svg\" \/>\n<meta name=\"twitter:card\" content=\"summary_large_image\" \/>\n<meta name=\"twitter:label1\" content=\"Dur\u00e9e de lecture estim\u00e9e\" \/>\n\t<meta name=\"twitter:data1\" content=\"3 minutes\" \/>\n<script type=\"application\/ld+json\" class=\"yoast-schema-graph\">{\"@context\":\"https:\/\/schema.org\",\"@graph\":[{\"@type\":\"WebPage\",\"@id\":\"https:\/\/hommage-studio.com\/fr\/felicitations\",\"url\":\"https:\/\/hommage-studio.com\/fr\/felicitations\",\"name\":\"felicitations - Branding is my superpower\",\"isPartOf\":{\"@id\":\"https:\/\/hommage-studio.com\/#website\"},\"primaryImageOfPage\":{\"@id\":\"https:\/\/hommage-studio.com\/fr\/felicitations#primaryimage\"},\"image\":{\"@id\":\"https:\/\/hommage-studio.com\/fr\/felicitations#primaryimage\"},\"thumbnailUrl\":\"http:\/\/hommage-studio.com\/wp-content\/uploads\/2023\/01\/best-30-fr.svg\",\"datePublished\":\"2023-01-30T14:03:55+00:00\",\"dateModified\":\"2023-01-31T09:55:19+00:00\",\"breadcrumb\":{\"@id\":\"https:\/\/hommage-studio.com\/fr\/felicitations#breadcrumb\"},\"inLanguage\":\"fr-FR\",\"potentialAction\":[{\"@type\":\"ReadAction\",\"target\":[\"https:\/\/hommage-studio.com\/fr\/felicitations\"]}]},{\"@type\":\"ImageObject\",\"inLanguage\":\"fr-FR\",\"@id\":\"https:\/\/hommage-studio.com\/fr\/felicitations#primaryimage\",\"url\":\"http:\/\/hommage-studio.com\/wp-content\/uploads\/2023\/01\/best-30-fr.svg\",\"contentUrl\":\"http:\/\/hommage-studio.com\/wp-content\/uploads\/2023\/01\/best-30-fr.svg\"},{\"@type\":\"BreadcrumbList\",\"@id\":\"https:\/\/hommage-studio.com\/fr\/felicitations#breadcrumb\",\"itemListElement\":[{\"@type\":\"ListItem\",\"position\":1,\"name\":\"Accueil\",\"item\":\"https:\/\/hommage-studio.com\/fr\"},{\"@type\":\"ListItem\",\"position\":2,\"name\":\"felicitations\"}]},{\"@type\":\"WebSite\",\"@id\":\"https:\/\/hommage-studio.com\/#website\",\"url\":\"https:\/\/hommage-studio.com\/\",\"name\":\"Branding is my superpower\",\"description\":\"People will love your brand\",\"publisher\":{\"@id\":\"https:\/\/hommage-studio.com\/#organization\"},\"potentialAction\":[{\"@type\":\"SearchAction\",\"target\":{\"@type\":\"EntryPoint\",\"urlTemplate\":\"https:\/\/hommage-studio.com\/?s={search_term_string}\"},\"query-input\":{\"@type\":\"PropertyValueSpecification\",\"valueRequired\":true,\"valueName\":\"search_term_string\"}}],\"inLanguage\":\"fr-FR\"},{\"@type\":\"Organization\",\"@id\":\"https:\/\/hommage-studio.com\/#organization\",\"name\":\"Branding is my superpower\",\"url\":\"https:\/\/hommage-studio.com\/\",\"logo\":{\"@type\":\"ImageObject\",\"inLanguage\":\"fr-FR\",\"@id\":\"https:\/\/hommage-studio.com\/#\/schema\/logo\/image\/\",\"url\":\"https:\/\/hommage-studio.com\/wp-content\/uploads\/2021\/12\/LOGO.svg\",\"contentUrl\":\"https:\/\/hommage-studio.com\/wp-content\/uploads\/2021\/12\/LOGO.svg\",\"caption\":\"Branding is my superpower\"},\"image\":{\"@id\":\"https:\/\/hommage-studio.com\/#\/schema\/logo\/image\/\"}}]}<\/script>\n<!-- \/ Yoast SEO plugin. -->","yoast_head_json":{"title":"felicitations - Branding is my superpower","robots":{"index":"index","follow":"follow","max-snippet":"max-snippet:-1","max-image-preview":"max-image-preview:large","max-video-preview":"max-video-preview:-1"},"canonical":"https:\/\/hommage-studio.com\/fr\/felicitations","og_locale":"fr_FR","og_type":"article","og_title":"felicitations - Branding is my superpower","og_description":"F\u00e9licitations ! Votre session de consulting offerte est rerserv\u00e9e Durant ces 30 minutes, nous analyserons votre marque etverrons ensemble quelles solutions \u00e9mergent pour la consolider !","og_url":"https:\/\/hommage-studio.com\/fr\/felicitations","og_site_name":"Branding is my superpower","article_modified_time":"2023-01-31T09:55:19+00:00","og_image":[{"url":"http:\/\/hommage-studio.com\/wp-content\/uploads\/2023\/01\/best-30-fr.svg","type":"","width":"","height":""}],"twitter_card":"summary_large_image","twitter_misc":{"Dur\u00e9e de lecture estim\u00e9e":"3 minutes"},"schema":{"@context":"https:\/\/schema.org","@graph":[{"@type":"WebPage","@id":"https:\/\/hommage-studio.com\/fr\/felicitations","url":"https:\/\/hommage-studio.com\/fr\/felicitations","name":"felicitations - Branding is my superpower","isPartOf":{"@id":"https:\/\/hommage-studio.com\/#website"},"primaryImageOfPage":{"@id":"https:\/\/hommage-studio.com\/fr\/felicitations#primaryimage"},"image":{"@id":"https:\/\/hommage-studio.com\/fr\/felicitations#primaryimage"},"thumbnailUrl":"http:\/\/hommage-studio.com\/wp-content\/uploads\/2023\/01\/best-30-fr.svg","datePublished":"2023-01-30T14:03:55+00:00","dateModified":"2023-01-31T09:55:19+00:00","breadcrumb":{"@id":"https:\/\/hommage-studio.com\/fr\/felicitations#breadcrumb"},"inLanguage":"fr-FR","potentialAction":[{"@type":"ReadAction","target":["https:\/\/hommage-studio.com\/fr\/felicitations"]}]},{"@type":"ImageObject","inLanguage":"fr-FR","@id":"https:\/\/hommage-studio.com\/fr\/felicitations#primaryimage","url":"http:\/\/hommage-studio.com\/wp-content\/uploads\/2023\/01\/best-30-fr.svg","contentUrl":"http:\/\/hommage-studio.com\/wp-content\/uploads\/2023\/01\/best-30-fr.svg"},{"@type":"BreadcrumbList","@id":"https:\/\/hommage-studio.com\/fr\/felicitations#breadcrumb","itemListElement":[{"@type":"ListItem","position":1,"name":"Accueil","item":"https:\/\/hommage-studio.com\/fr"},{"@type":"ListItem","position":2,"name":"felicitations"}]},{"@type":"WebSite","@id":"https:\/\/hommage-studio.com\/#website","url":"https:\/\/hommage-studio.com\/","name":"Branding is my superpower","description":"People will love your brand","publisher":{"@id":"https:\/\/hommage-studio.com\/#organization"},"potentialAction":[{"@type":"SearchAction","target":{"@type":"EntryPoint","urlTemplate":"https:\/\/hommage-studio.com\/?s={search_term_string}"},"query-input":{"@type":"PropertyValueSpecification","valueRequired":true,"valueName":"search_term_string"}}],"inLanguage":"fr-FR"},{"@type":"Organization","@id":"https:\/\/hommage-studio.com\/#organization","name":"Branding is my superpower","url":"https:\/\/hommage-studio.com\/","logo":{"@type":"ImageObject","inLanguage":"fr-FR","@id":"https:\/\/hommage-studio.com\/#\/schema\/logo\/image\/","url":"https:\/\/hommage-studio.com\/wp-content\/uploads\/2021\/12\/LOGO.svg","contentUrl":"https:\/\/hommage-studio.com\/wp-content\/uploads\/2021\/12\/LOGO.svg","caption":"Branding is my superpower"},"image":{"@id":"https:\/\/hommage-studio.com\/#\/schema\/logo\/image\/"}}]}},"_links":{"self":[{"href":"https:\/\/hommage-studio.com\/fr\/wp-json\/wp\/v2\/pages\/10621","targetHints":{"allow":["GET"]}}],"collection":[{"href":"https:\/\/hommage-studio.com\/fr\/wp-json\/wp\/v2\/pages"}],"about":[{"href":"https:\/\/hommage-studio.com\/fr\/wp-json\/wp\/v2\/types\/page"}],"author":[{"embeddable":true,"href":"https:\/\/hommage-studio.com\/fr\/wp-json\/wp\/v2\/users\/7"}],"replies":[{"embeddable":true,"href":"https:\/\/hommage-studio.com\/fr\/wp-json\/wp\/v2\/comments?post=10621"}],"version-history":[{"count":12,"href":"https:\/\/hommage-studio.com\/fr\/wp-json\/wp\/v2\/pages\/10621\/revisions"}],"predecessor-version":[{"id":10679,"href":"https:\/\/hommage-studio.com\/fr\/wp-json\/wp\/v2\/pages\/10621\/revisions\/10679"}],"wp:attachment":[{"href":"https:\/\/hommage-studio.com\/fr\/wp-json\/wp\/v2\/media?parent=10621"}],"curies":[{"name":"wp","href":"https:\/\/api.w.org\/{rel}","templated":true}]}}